{"id":5023,"date":"2019-01-11T15:13:20","date_gmt":"2019-01-11T12:13:20","guid":{"rendered":"https:\/\/cursosciatec.com.br\/home\/?page_id=5023"},"modified":"2021-05-18T13:59:41","modified_gmt":"2021-05-18T16:59:41","slug":"nr-10-norma-regulamentadora-trabalhos-em-eletricidade","status":"publish","type":"page","link":"https:\/\/cursosciatec.com.br\/home\/fotos-e-depoimentos\/nr-10-norma-regulamentadora-trabalhos-em-eletricidade\/","title":{"rendered":"NR-10 Norma Regulamentadora Trabalhos em Eletricidade"},"content":{"rendered":"\t\t<div data-elementor-type=\"wp-post\" data-elementor-id=\"5023\" class=\"elementor elementor-5023\" data-elementor-post-type=\"page\">\n\t\t\t\t\t\t<section class=\"elementor-section elementor-top-section elementor-element elementor-element-39f590d elementor-section-stretched elementor-section-full_width elementor-section-height-default elementor-section-height-default exad-glass-effect-no exad-sticky-section-no\" data-id=\"39f590d\" data-element_type=\"section\" data-e-type=\"section\" data-settings=\"{&quot;stretch_section&quot;:&quot;section-stretched&quot;}\">\n\t\t\t\t\t\t<div class=\"elementor-container elementor-column-gap-default\">\n\t\t\t\t\t<div class=\"elementor-column elementor-col-100 elementor-top-column elementor-element elementor-element-7c13191 exad-glass-effect-no exad-sticky-section-no\" data-id=\"7c13191\" data-element_type=\"column\" data-e-type=\"column\">\n\t\t\t<div class=\"elementor-widget-wrap elementor-element-populated\">\n\t\t\t\t\t\t<div class=\"elementor-element elementor-element-c293c90 exad-sticky-section-no exad-glass-effect-no elementor-widget elementor-widget-heading\" data-id=\"c293c90\" data-element_type=\"widget\" data-e-type=\"widget\" data-widget_type=\"heading.default\">\n\t\t\t\t<div class=\"elementor-widget-container\">\n\t\t\t\t\t<h1 class=\"elementor-heading-title elementor-size-default\">Fotos e Depoimentos Curso NR-10 Norma Regulamentadora Trabalhos em Eletricidade<\/h1>\t\t\t\t<\/div>\n\t\t\t\t<\/div>\n\t\t\t\t\t<\/div>\n\t\t<\/div>\n\t\t\t\t\t<\/div>\n\t\t<\/section>\n\t\t\t\t<section class=\"elementor-section elementor-top-section elementor-element elementor-element-00b03f6 elementor-section-stretched elementor-section-full_width elementor-section-height-default elementor-section-height-default exad-glass-effect-no exad-sticky-section-no\" data-id=\"00b03f6\" data-element_type=\"section\" data-e-type=\"section\" data-settings=\"{&quot;stretch_section&quot;:&quot;section-stretched&quot;}\">\n\t\t\t\t\t\t<div class=\"elementor-container elementor-column-gap-default\">\n\t\t\t\t\t<div class=\"elementor-column elementor-col-100 elementor-top-column elementor-element elementor-element-e1c8eb2 exad-glass-effect-no exad-sticky-section-no\" data-id=\"e1c8eb2\" data-element_type=\"column\" data-e-type=\"column\">\n\t\t\t<div class=\"elementor-widget-wrap elementor-element-populated\">\n\t\t\t\t\t\t<div class=\"elementor-element elementor-element-f6da4a2 exad-sticky-section-no exad-glass-effect-no elementor-widget elementor-widget-text-editor\" data-id=\"f6da4a2\" data-element_type=\"widget\" data-e-type=\"widget\" data-widget_type=\"text-editor.default\">\n\t\t\t\t<div class=\"elementor-widget-container\">\n\t\t\t\t\t\t\t\t\t<h2><span style=\"color: #ffffff; font-family: Arial, Helvetica, sans-serif; font-size: 14pt;\"> Fotos<\/span><\/h2>\t\t\t\t\t\t\t\t<\/div>\n\t\t\t\t<\/div>\n\t\t\t\t<div class=\"elementor-element elementor-element-749130c exad-sticky-section-no exad-glass-effect-no elementor-widget elementor-widget-text-editor\" data-id=\"749130c\" data-element_type=\"widget\" data-e-type=\"widget\" data-widget_type=\"text-editor.default\">\n\t\t\t\t<div class=\"elementor-widget-container\">\n\t\t\t\t\t\t\t\t\t<p><style type=\"text\/css\">\r\n\t#slgf_5012 .gallery1 {\r\n\t\tdisplay: block !important;\r\n\t\twidth: 100% !important;\r\n\t\tmargin: 0 -5px !important; \/* Offset padding *\/\r\n\t}\r\n\t\r\n\t\/* Clearfix for container *\/\r\n\t#slgf_5012 .gallery1:after {\r\n\t\tcontent: '';\r\n\t\tdisplay: block;\r\n\t\tclear: both;\r\n\t}\r\n\r\n\t#slgf_5012 .wl-gallery {\r\n\t\tfloat: left !important;\r\n\t\tbox-sizing: border-box !important;\r\n\t\tpadding: 0 5px 10px 5px !important; \/* Horizontal padding + bottom margin *\/\r\n\t\tmargin: 0 !important;\r\n\t}\r\n\r\n\t\/* Two Column Layout *\/\r\n\t#slgf_5012 .col-md-6 {\r\n\t\twidth: 50% !important;\r\n\t}\r\n\r\n\t\/* Three Column Layout *\/\r\n\t#slgf_5012 .col-md-4 {\r\n\t\twidth: 33.33% !important;\r\n\t}\r\n\r\n\t#slgf_5012 .col-md-3 {\r\n\t\twidth: 25% !important;\r\n\t}\r\n\r\n\t#slgf_5012 .col-md-2 {\r\n\t\twidth: 16.66% !important;\r\n\t}\r\n\r\n\t#slgf_5012 .b-link-stroke .b-top-line {\r\n\t\tbackground: rgba(10, 194, 210, 0.5);\r\n\t}\r\n\r\n\t#slgf_5012 .b-link-stroke .b-bottom-line {\r\n\t\tbackground: rgba(10, 194, 210, 0.5);\r\n\t}\r\n\r\n\t#slgf_5012 .b-wrapper {\r\n\t\tfont-family: font-name;\r\n\t}\r\n\r\n\t#slgf_5012 .slgf_home_portfolio_caption {\r\n\t\tbackground: #FFFFFF;\r\n\t}\r\n\r\n\t#slgf_5012 .slgf_home_portfolio_caption h3 {\r\n\t\tcolor: #000000;\r\n\t}\r\n\r\n\t#slgf_5012 .slg_title_class {\r\n\t\tfont-weight: bolder;\r\n\t\tpadding-bottom: 20px;\r\n\t\tborder-bottom: 2px solid #cccccc;\r\n\t\tmargin-bottom: 20px;\r\n\t\tfont-family: font-name;\r\n\t\tcolor: #2271b1;\r\n\t}\r\n\t.fnf {\r\n\tbackground-color: #a92929;\r\n\tborder-radius: 5px;\r\n\tcolor: #fff;\r\n\tfont-family: initial;\r\n\ttext-align: center;\r\n\tpadding: 12px;\r\n\t}\r\n\t#slgf_5012 .img-box-shadow { box-shadow: 0 0 6px rgba(0, 0, 0, .7); }<\/style>\t\r\n\t<div class=\"gal-container\" id=\"slgf_5012\">\r\n\t\t\t\t\t<!--get the post id-->\r\n\t\t\t\r\n\t\t\t<!--Gallery Title-->\r\n\t\t\t\t\t\t\t<div class=\"slg_title_class\">\r\n\t\t\t\t\tFotos RN-10\t\t\t\t<\/div>\r\n\t\t\t\t\t\t<div class=\"row\">\r\n\r\n\t\t\t\t<div class=\"gallery1 lightgallery_5012\">\r\n\t\t\t\t\t\t\t\t\t<\/div>\r\n\t\t\t<\/div>\r\n\t\t\t<\/div>\r\n\r\n\t<!-- Swipe Box-->\r\n\t<\/p>\t\t\t\t\t\t\t\t<\/div>\n\t\t\t\t<\/div>\n\t\t\t\t\t<\/div>\n\t\t<\/div>\n\t\t\t\t\t<\/div>\n\t\t<\/section>\n\t\t\t\t<section class=\"elementor-section elementor-inner-section elementor-element elementor-element-46f832c elementor-section-full_width elementor-section-content-middle elementor-section-height-default elementor-section-height-default exad-glass-effect-no exad-sticky-section-no\" data-id=\"46f832c\" data-element_type=\"section\" data-e-type=\"section\" data-settings=\"{&quot;background_background&quot;:&quot;classic&quot;}\">\n\t\t\t\t\t\t<div class=\"elementor-container elementor-column-gap-default\">\n\t\t\t\t\t<div class=\"elementor-column elementor-col-50 elementor-inner-column elementor-element elementor-element-a1c79d7 exad-glass-effect-no exad-sticky-section-no\" data-id=\"a1c79d7\" data-element_type=\"column\" data-e-type=\"column\">\n\t\t\t<div class=\"elementor-widget-wrap elementor-element-populated\">\n\t\t\t\t\t\t<div class=\"elementor-element elementor-element-44ac694 exad-sticky-section-no exad-glass-effect-no elementor-widget elementor-widget-heading\" data-id=\"44ac694\" data-element_type=\"widget\" data-e-type=\"widget\" data-widget_type=\"heading.default\">\n\t\t\t\t<div class=\"elementor-widget-container\">\n\t\t\t\t\t<h2 class=\"elementor-heading-title elementor-size-default\">Receba <b>INFORMA\u00c7\u00d5ES<\/b><br>\ne <b>VALORES<\/b><br>\ndo <i>Curso NR-10<\/i><\/h2>\t\t\t\t<\/div>\n\t\t\t\t<\/div>\n\t\t\t\t\t<\/div>\n\t\t<\/div>\n\t\t\t\t<div class=\"elementor-column elementor-col-50 elementor-inner-column elementor-element elementor-element-dc4c1b5 exad-glass-effect-no exad-sticky-section-no elementor-invisible\" data-id=\"dc4c1b5\" data-element_type=\"column\" data-e-type=\"column\" data-settings=\"{&quot;animation&quot;:&quot;slideInRight&quot;,&quot;background_background&quot;:&quot;classic&quot;}\">\n\t\t\t<div class=\"elementor-widget-wrap elementor-element-populated\">\n\t\t\t\t\t\t<div class=\"elementor-element elementor-element-24622ff exad-sticky-section-no exad-glass-effect-no elementor-widget elementor-widget-text-editor\" data-id=\"24622ff\" data-element_type=\"widget\" data-e-type=\"widget\" data-widget_type=\"text-editor.default\">\n\t\t\t\t<div class=\"elementor-widget-container\">\n\t\t\t\t\t\t\t\t\t<p>\n                <div class='gf_browser_gecko gform_wrapper' id='gform_wrapper_2' ><form method='post' enctype='multipart\/form-data'  id='gform_2'  action='\/home\/wp-json\/wp\/v2\/pages\/5023'>\n                        <div class='gform_body'><ul id='gform_fields_2' class='gform_fields top_label form_sublabel_below description_below'><li id='field_2_1'  class='gfield gfield_contains_required field_sublabel_below field_description_below gfield_visibility_visible' ><label class='gfield_label' for='input_2_1' >Nome<span class='gfield_required'>*<\/span><\/label><div class='ginput_container ginput_container_text'><input name='input_1' id='input_2_1' type='text' value='' class='large'     aria-required=\"true\" aria-invalid=\"false\" \/><\/div><\/li><li id='field_2_3'  class='gfield gfield_contains_required field_sublabel_below field_description_below gfield_visibility_visible' ><label class='gfield_label' for='input_2_3' >E-Mail<span class='gfield_required'>*<\/span><\/label><div class='ginput_container ginput_container_email'>\n                            <input name='input_3' id='input_2_3' type='text' value='' class='large'    aria-required=\"true\" aria-invalid=\"false\" \/>\n                        <\/div><\/li><li id='field_2_21'  class='gfield gfield_contains_required field_sublabel_below field_description_below gfield_visibility_visible' ><label class='gfield_label' for='input_2_21' >Telefone<span class='gfield_required'>*<\/span><\/label><div class='ginput_container ginput_container_text'><input name='input_21' id='input_2_21' type='text' value='' class='medium'     aria-required=\"true\" aria-invalid=\"false\" \/><\/div><\/li><li id='field_2_22'  class='gfield gform_validation_container field_sublabel_below field_description_below gfield_visibility_visible' ><label class='gfield_label' for='input_2_22' >Comments<\/label><div class='ginput_container'><input name='input_22' id='input_2_22' type='text' value='' \/><\/div><div class='gfield_description' id='gfield_description__22'>Este campo \u00e9 para fins de valida\u00e7\u00e3o e n\u00e3o deve ser alterado.<\/div><\/li>\n                            <\/ul><\/div>\n        <div class='gform_footer top_label'> <input type='submit' id='gform_submit_button_2' class='gform_button button' value='Quero Receber Informa\u00e7\u00f5es'  onclick='if(window[\"gf_submitting_2\"]){return false;}  window[\"gf_submitting_2\"]=true;  ' onkeypress='if( event.keyCode == 13 ){ if(window[\"gf_submitting_2\"]){return false;} window[\"gf_submitting_2\"]=true;  jQuery(\"#gform_2\").trigger(\"submit\",[true]); }' \/> \n            <input type='hidden' class='gform_hidden' name='is_submit_2' value='1' \/>\n            <input type='hidden' class='gform_hidden' name='gform_submit' value='2' \/>\n            \n            <input type='hidden' class='gform_hidden' name='gform_unique_id' value='' \/>\n            <input type='hidden' class='gform_hidden' name='state_2' value='WyJbXSIsImJhYWY4M2Q3OTg3ZTZjZWUzYzZjYWU0MzUyMGYwZDMwIl0=' \/>\n            <input type='hidden' class='gform_hidden' name='gform_target_page_number_2' id='gform_target_page_number_2' value='0' \/>\n            <input type='hidden' class='gform_hidden' name='gform_source_page_number_2' id='gform_source_page_number_2' value='1' \/>\n            <input type='hidden' name='gform_field_values' value='' \/>\n            \n        <\/div>\n                        <p style=\"display: none !important;\" class=\"akismet-fields-container\" data-prefix=\"ak_\"><label>&#916;<textarea name=\"ak_hp_textarea\" cols=\"45\" rows=\"8\" maxlength=\"100\"><\/textarea><\/label><input type=\"hidden\" id=\"ak_js_1\" name=\"ak_js\" value=\"8\"\/><script type=\"text\/javascript\">\n\/* <![CDATA[ *\/\ndocument.getElementById( \"ak_js_1\" ).setAttribute( \"value\", ( new Date() ).getTime() );\n\/* ]]> *\/\n<\/script>\n<\/p><\/form>\n                        <\/div><script type='text\/javascript'> jQuery(document).bind('gform_post_render', function(event, formId, currentPage){if(formId == 2) {jQuery('#input_2_21').mask('(99) 9999-9999?9').bind('keypress', function(e){if(e.which == 13){jQuery(this).blur();} } );} } );jQuery(document).bind('gform_post_conditional_logic', function(event, formId, fields, isInit){} );<\/script><script type='text\/javascript'> jQuery(document).ready(function(){jQuery(document).trigger('gform_post_render', [2, 1]) } ); <\/script><\/p>\t\t\t\t\t\t\t\t<\/div>\n\t\t\t\t<\/div>\n\t\t\t\t\t<\/div>\n\t\t<\/div>\n\t\t\t\t\t<\/div>\n\t\t<\/section>\n\t\t\t\t<section class=\"elementor-section elementor-top-section elementor-element elementor-element-44ba59b elementor-section-boxed elementor-section-height-default elementor-section-height-default exad-glass-effect-no exad-sticky-section-no\" data-id=\"44ba59b\" data-element_type=\"section\" data-e-type=\"section\" data-settings=\"{&quot;background_background&quot;:&quot;classic&quot;}\">\n\t\t\t\t\t\t<div class=\"elementor-container elementor-column-gap-default\">\n\t\t\t\t\t<div class=\"elementor-column elementor-col-100 elementor-top-column elementor-element elementor-element-3e81c87 exad-glass-effect-no exad-sticky-section-no\" data-id=\"3e81c87\" data-element_type=\"column\" data-e-type=\"column\">\n\t\t\t<div class=\"elementor-widget-wrap elementor-element-populated\">\n\t\t\t\t\t\t<div class=\"elementor-element elementor-element-84189e8 exad-sticky-section-no exad-glass-effect-no elementor-widget elementor-widget-text-editor\" data-id=\"84189e8\" data-element_type=\"widget\" data-e-type=\"widget\" data-widget_type=\"text-editor.default\">\n\t\t\t\t<div class=\"elementor-widget-container\">\n\t\t\t\t\t\t\t\t\t<p><span style=\"font-size: 18pt; color: #ffffff;\">Depoimentos<\/span><\/p>\t\t\t\t\t\t\t\t<\/div>\n\t\t\t\t<\/div>\n\t\t\t\t\t<\/div>\n\t\t<\/div>\n\t\t\t\t\t<\/div>\n\t\t<\/section>\n\t\t\t\t<section class=\"elementor-section elementor-top-section elementor-element elementor-element-be8ed04 elementor-section-boxed elementor-section-height-default elementor-section-height-default exad-glass-effect-no exad-sticky-section-no\" data-id=\"be8ed04\" data-element_type=\"section\" data-e-type=\"section\">\n\t\t\t\t\t\t<div class=\"elementor-container elementor-column-gap-default\">\n\t\t\t\t\t<div class=\"elementor-column elementor-col-50 elementor-top-column elementor-element elementor-element-e2365c1 exad-glass-effect-no exad-sticky-section-no\" data-id=\"e2365c1\" data-element_type=\"column\" data-e-type=\"column\">\n\t\t\t<div class=\"elementor-widget-wrap elementor-element-populated\">\n\t\t\t\t\t\t<div class=\"elementor-element elementor-element-c4708a0 exad-sticky-section-no exad-glass-effect-no elementor-widget elementor-widget-image\" data-id=\"c4708a0\" data-element_type=\"widget\" data-e-type=\"widget\" data-widget_type=\"image.default\">\n\t\t\t\t<div class=\"elementor-widget-container\">\n\t\t\t\t\t\t\t\t\t\t\t\t\t\t\t<img fetchpriority=\"high\" decoding=\"async\" width=\"630\" height=\"419\" src=\"https:\/\/cursosciatec.com.br\/home\/wp-content\/uploads\/2020\/06\/Depoimento-padr\u00e3o.jpg\" class=\"attachment-large size-large wp-image-9031\" alt=\"\" srcset=\"https:\/\/cursosciatec.com.br\/home\/wp-content\/uploads\/2020\/06\/Depoimento-padr\u00e3o.jpg 956w, https:\/\/cursosciatec.com.br\/home\/wp-content\/uploads\/2020\/06\/Depoimento-padr\u00e3o-300x200.jpg 300w, https:\/\/cursosciatec.com.br\/home\/wp-content\/uploads\/2020\/06\/Depoimento-padr\u00e3o-768x511.jpg 768w\" sizes=\"(max-width: 630px) 100vw, 630px\" \/>\t\t\t\t\t\t\t\t\t\t\t\t\t\t\t<\/div>\n\t\t\t\t<\/div>\n\t\t\t\t\t<\/div>\n\t\t<\/div>\n\t\t\t\t<div class=\"elementor-column elementor-col-50 elementor-top-column elementor-element elementor-element-7e3056c exad-glass-effect-no exad-sticky-section-no\" data-id=\"7e3056c\" data-element_type=\"column\" data-e-type=\"column\">\n\t\t\t<div class=\"elementor-widget-wrap elementor-element-populated\">\n\t\t\t\t\t\t<div class=\"elementor-element elementor-element-52301db exad-sticky-section-no exad-glass-effect-no elementor-widget elementor-widget-image\" data-id=\"52301db\" data-element_type=\"widget\" data-e-type=\"widget\" data-widget_type=\"image.default\">\n\t\t\t\t<div class=\"elementor-widget-container\">\n\t\t\t\t\t\t\t\t\t\t\t\t\t\t\t<img decoding=\"async\" width=\"630\" height=\"420\" src=\"https:\/\/cursosciatec.com.br\/home\/wp-content\/uploads\/2020\/06\/Depoimento-Adriano-Oliveira-da-Silva.png\" class=\"attachment-large size-large wp-image-9030\" alt=\"\" srcset=\"https:\/\/cursosciatec.com.br\/home\/wp-content\/uploads\/2020\/06\/Depoimento-Adriano-Oliveira-da-Silva.png 960w, https:\/\/cursosciatec.com.br\/home\/wp-content\/uploads\/2020\/06\/Depoimento-Adriano-Oliveira-da-Silva-300x200.png 300w, https:\/\/cursosciatec.com.br\/home\/wp-content\/uploads\/2020\/06\/Depoimento-Adriano-Oliveira-da-Silva-768x512.png 768w\" sizes=\"(max-width: 630px) 100vw, 630px\" \/>\t\t\t\t\t\t\t\t\t\t\t\t\t\t\t<\/div>\n\t\t\t\t<\/div>\n\t\t\t\t\t<\/div>\n\t\t<\/div>\n\t\t\t\t\t<\/div>\n\t\t<\/section>\n\t\t\t\t<\/div>\n\t\t","protected":false},"excerpt":{"rendered":"<p>Fotos e Depoimentos Curso NR-10 Norma Regulamentadora Trabalhos em Eletricidade Fotos Receba INFORMA\u00c7\u00d5ES e VALORES do Curso NR-10 Depoimentos<\/p>\n","protected":false},"author":1,"featured_media":0,"parent":3741,"menu_order":0,"comment_status":"closed","ping_status":"closed","template":"elementor_header_footer","meta":{"footnotes":""},"folder":[],"class_list":["post-5023","page","type-page","status-publish","hentry"],"aioseo_notices":[],"_links":{"self":[{"href":"https:\/\/cursosciatec.com.br\/home\/wp-json\/wp\/v2\/pages\/5023","targetHints":{"allow":["GET"]}}],"collection":[{"href":"https:\/\/cursosciatec.com.br\/home\/wp-json\/wp\/v2\/pages"}],"about":[{"href":"https:\/\/cursosciatec.com.br\/home\/wp-json\/wp\/v2\/types\/page"}],"author":[{"embeddable":true,"href":"https:\/\/cursosciatec.com.br\/home\/wp-json\/wp\/v2\/users\/1"}],"replies":[{"embeddable":true,"href":"https:\/\/cursosciatec.com.br\/home\/wp-json\/wp\/v2\/comments?post=5023"}],"version-history":[{"count":13,"href":"https:\/\/cursosciatec.com.br\/home\/wp-json\/wp\/v2\/pages\/5023\/revisions"}],"predecessor-version":[{"id":10277,"href":"https:\/\/cursosciatec.com.br\/home\/wp-json\/wp\/v2\/pages\/5023\/revisions\/10277"}],"up":[{"embeddable":true,"href":"https:\/\/cursosciatec.com.br\/home\/wp-json\/wp\/v2\/pages\/3741"}],"wp:attachment":[{"href":"https:\/\/cursosciatec.com.br\/home\/wp-json\/wp\/v2\/media?parent=5023"}],"wp:term":[{"taxonomy":"folder","embeddable":true,"href":"https:\/\/cursosciatec.com.br\/home\/wp-json\/wp\/v2\/folder?post=5023"}],"curies":[{"name":"wp","href":"https:\/\/api.w.org\/{rel}","templated":true}]}}