{"id":2714,"date":"2018-09-04T22:38:41","date_gmt":"2018-09-04T19:38:41","guid":{"rendered":"https:\/\/cursosciatec.com.br\/home\/?page_id=2714"},"modified":"2020-06-26T10:28:40","modified_gmt":"2020-06-26T13:28:40","slug":"curso-logica-de-programacao","status":"publish","type":"page","link":"https:\/\/cursosciatec.com.br\/home\/fotos-e-depoimentos\/curso-logica-de-programacao\/","title":{"rendered":"Fotos e Depoimentos Curso L\u00f3gica de Programa\u00e7\u00e3o"},"content":{"rendered":"\t\t<div data-elementor-type=\"wp-post\" data-elementor-id=\"2714\" class=\"elementor elementor-2714\" data-elementor-post-type=\"page\">\n\t\t\t\t\t\t<section class=\"elementor-section elementor-top-section elementor-element elementor-element-bdbf142 elementor-section-stretched elementor-section-full_width elementor-section-height-default elementor-section-height-default exad-glass-effect-no exad-sticky-section-no\" data-id=\"bdbf142\" data-element_type=\"section\" data-e-type=\"section\" data-settings=\"{&quot;stretch_section&quot;:&quot;section-stretched&quot;}\">\n\t\t\t\t\t\t<div class=\"elementor-container elementor-column-gap-default\">\n\t\t\t\t\t<div class=\"elementor-column elementor-col-100 elementor-top-column elementor-element elementor-element-accf567 exad-glass-effect-no exad-sticky-section-no\" data-id=\"accf567\" data-element_type=\"column\" data-e-type=\"column\">\n\t\t\t<div class=\"elementor-widget-wrap elementor-element-populated\">\n\t\t\t\t\t\t<div class=\"elementor-element elementor-element-51d88e8 exad-sticky-section-no exad-glass-effect-no elementor-widget elementor-widget-heading\" data-id=\"51d88e8\" data-element_type=\"widget\" data-e-type=\"widget\" data-widget_type=\"heading.default\">\n\t\t\t\t<div class=\"elementor-widget-container\">\n\t\t\t\t\t<h1 class=\"elementor-heading-title elementor-size-default\">Fotos e Depoimentos Curso L\u00f3gica de Programa\u00e7\u00e3o<\/h1>\t\t\t\t<\/div>\n\t\t\t\t<\/div>\n\t\t\t\t\t<\/div>\n\t\t<\/div>\n\t\t\t\t\t<\/div>\n\t\t<\/section>\n\t\t\t\t<section class=\"elementor-section elementor-top-section elementor-element elementor-element-641cbb0 elementor-section-stretched elementor-section-full_width elementor-section-height-default elementor-section-height-default exad-glass-effect-no exad-sticky-section-no\" data-id=\"641cbb0\" data-element_type=\"section\" data-e-type=\"section\" data-settings=\"{&quot;stretch_section&quot;:&quot;section-stretched&quot;}\">\n\t\t\t\t\t\t<div class=\"elementor-container elementor-column-gap-default\">\n\t\t\t\t\t<div class=\"elementor-column elementor-col-100 elementor-top-column elementor-element elementor-element-70588fbc exad-glass-effect-no exad-sticky-section-no\" data-id=\"70588fbc\" data-element_type=\"column\" data-e-type=\"column\">\n\t\t\t<div class=\"elementor-widget-wrap elementor-element-populated\">\n\t\t\t\t\t\t<div class=\"elementor-element elementor-element-8621a98 exad-sticky-section-no exad-glass-effect-no elementor-widget elementor-widget-text-editor\" data-id=\"8621a98\" data-element_type=\"widget\" data-e-type=\"widget\" data-widget_type=\"text-editor.default\">\n\t\t\t\t<div class=\"elementor-widget-container\">\n\t\t\t\t\t\t\t\t\t<h2><span style=\"color: #ffffff;\"><strong><span style=\"font-family: Arial, Helvetica, sans-serif; font-size: 14pt;\">Fotos:<\/span><\/strong><\/span><\/h2>\t\t\t\t\t\t\t\t<\/div>\n\t\t\t\t<\/div>\n\t\t\t\t<div class=\"elementor-element elementor-element-12d995c7 exad-sticky-section-no exad-glass-effect-no elementor-widget elementor-widget-text-editor\" data-id=\"12d995c7\" data-element_type=\"widget\" data-e-type=\"widget\" data-widget_type=\"text-editor.default\">\n\t\t\t\t<div class=\"elementor-widget-container\">\n\t\t\t\t\t\t\t\t\t<p><span style=\"font-family: Arial, Helvetica, sans-serif; font-size: 12pt;\"><style type=\"text\/css\">\r\n\t#slgf_2449 .gallery1 {\r\n\t\tdisplay: block !important;\r\n\t\twidth: 100% !important;\r\n\t\tmargin: 0 -5px !important; \/* Offset padding *\/\r\n\t}\r\n\t\r\n\t\/* Clearfix for container *\/\r\n\t#slgf_2449 .gallery1:after {\r\n\t\tcontent: '';\r\n\t\tdisplay: block;\r\n\t\tclear: both;\r\n\t}\r\n\r\n\t#slgf_2449 .wl-gallery {\r\n\t\tfloat: left !important;\r\n\t\tbox-sizing: border-box !important;\r\n\t\tpadding: 0 5px 10px 5px !important; \/* Horizontal padding + bottom margin *\/\r\n\t\tmargin: 0 !important;\r\n\t}\r\n\r\n\t\/* Two Column Layout *\/\r\n\t#slgf_2449 .col-md-6 {\r\n\t\twidth: 50% !important;\r\n\t}\r\n\r\n\t\/* Three Column Layout *\/\r\n\t#slgf_2449 .col-md-4 {\r\n\t\twidth: 33.33% !important;\r\n\t}\r\n\r\n\t#slgf_2449 .col-md-3 {\r\n\t\twidth: 25% !important;\r\n\t}\r\n\r\n\t#slgf_2449 .col-md-2 {\r\n\t\twidth: 16.66% !important;\r\n\t}\r\n\r\n\t#slgf_2449 .b-link-stroke .b-top-line {\r\n\t\tbackground: rgba(10, 194, 210, 0.5);\r\n\t}\r\n\r\n\t#slgf_2449 .b-link-stroke .b-bottom-line {\r\n\t\tbackground: rgba(10, 194, 210, 0.5);\r\n\t}\r\n\r\n\t#slgf_2449 .b-wrapper {\r\n\t\tfont-family: font-name;\r\n\t}\r\n\r\n\t#slgf_2449 .slgf_home_portfolio_caption {\r\n\t\tbackground: #FFFFFF;\r\n\t}\r\n\r\n\t#slgf_2449 .slgf_home_portfolio_caption h3 {\r\n\t\tcolor: #000000;\r\n\t}\r\n\r\n\t#slgf_2449 .slg_title_class {\r\n\t\tfont-weight: bolder;\r\n\t\tpadding-bottom: 20px;\r\n\t\tborder-bottom: 2px solid #cccccc;\r\n\t\tmargin-bottom: 20px;\r\n\t\tfont-family: font-name;\r\n\t\tcolor: #2271b1;\r\n\t}\r\n\t.fnf {\r\n\tbackground-color: #a92929;\r\n\tborder-radius: 5px;\r\n\tcolor: #fff;\r\n\tfont-family: initial;\r\n\ttext-align: center;\r\n\tpadding: 12px;\r\n\t}\r\n\t#slgf_2449 .img-box-shadow { box-shadow: 0 0 6px rgba(0, 0, 0, .7); }<\/style>\t\r\n\t<div class=\"gal-container\" id=\"slgf_2449\">\r\n\t\t\t\t\t<!--get the post id-->\r\n\t\t\t\r\n\t\t\t<!--Gallery Title-->\r\n\t\t\t\t\t\t\t<div class=\"slg_title_class\">\r\n\t\t\t\t\tCurso L\u00f3gica de Programa\u00e7\u00e3o\t\t\t\t<\/div>\r\n\t\t\t\t\t\t<div class=\"row\">\r\n\r\n\t\t\t\t<div class=\"gallery1 lightgallery_2449\">\r\n\t\t\t\t\t\t\t\t\t<\/div>\r\n\t\t\t<\/div>\r\n\t\t\t<\/div>\r\n\r\n\t<!-- Swipe Box-->\r\n\t<\/span><\/p><p>\u00a0<\/p>\t\t\t\t\t\t\t\t<\/div>\n\t\t\t\t<\/div>\n\t\t\t\t\t<\/div>\n\t\t<\/div>\n\t\t\t\t\t<\/div>\n\t\t<\/section>\n\t\t\t\t<section class=\"elementor-section elementor-inner-section elementor-element elementor-element-b18b43b elementor-section-full_width elementor-section-content-middle elementor-section-height-default elementor-section-height-default exad-glass-effect-no exad-sticky-section-no\" data-id=\"b18b43b\" data-element_type=\"section\" data-e-type=\"section\" data-settings=\"{&quot;background_background&quot;:&quot;classic&quot;}\">\n\t\t\t\t\t\t<div class=\"elementor-container elementor-column-gap-default\">\n\t\t\t\t\t<div class=\"elementor-column elementor-col-50 elementor-inner-column elementor-element elementor-element-2fa1a9b exad-glass-effect-no exad-sticky-section-no\" data-id=\"2fa1a9b\" data-element_type=\"column\" data-e-type=\"column\">\n\t\t\t<div class=\"elementor-widget-wrap elementor-element-populated\">\n\t\t\t\t\t\t<div class=\"elementor-element elementor-element-f6f99ed exad-sticky-section-no exad-glass-effect-no elementor-widget elementor-widget-heading\" data-id=\"f6f99ed\" data-element_type=\"widget\" data-e-type=\"widget\" data-widget_type=\"heading.default\">\n\t\t\t\t<div class=\"elementor-widget-container\">\n\t\t\t\t\t<h2 class=\"elementor-heading-title elementor-size-default\">Receba <b>INFORMA\u00c7\u00d5ES<\/b><br>\ne <b>VALORES<\/b><br>\ndo <i>Curso L\u00f3gica de Programa\u00e7\u00e3o<\/i><\/h2>\t\t\t\t<\/div>\n\t\t\t\t<\/div>\n\t\t\t\t\t<\/div>\n\t\t<\/div>\n\t\t\t\t<div class=\"elementor-column elementor-col-50 elementor-inner-column elementor-element elementor-element-3435f7d exad-glass-effect-no exad-sticky-section-no elementor-invisible\" data-id=\"3435f7d\" data-element_type=\"column\" data-e-type=\"column\" data-settings=\"{&quot;animation&quot;:&quot;bounceInRight&quot;}\">\n\t\t\t<div class=\"elementor-widget-wrap elementor-element-populated\">\n\t\t\t\t\t\t<div class=\"elementor-element elementor-element-7562b96 animated-slow exad-sticky-section-no exad-glass-effect-no elementor-invisible elementor-widget elementor-widget-html\" data-id=\"7562b96\" data-element_type=\"widget\" data-e-type=\"widget\" data-settings=\"{&quot;_animation_delay&quot;:800,&quot;_animation&quot;:&quot;bounceInRight&quot;}\" data-widget_type=\"html.default\">\n\t\t\t\t<div class=\"elementor-widget-container\">\n\t\t\t\t\t<script type=\"text\/javascript\">\r\n    \/** This section is only needed once per page if manually copying **\/\r\n    if (typeof MauticSDKLoaded == 'undefined') {\r\n        var MauticSDKLoaded = true;\r\n        var head            = document.getElementsByTagName('head')[0];\r\n        var script          = document.createElement('script');\r\n        script.type         = 'text\/javascript';\r\n        script.src          = 'https:\/\/mautic.cursosciatec.com.br\/media\/js\/mautic-form.js';\r\n        script.onload       = function() {\r\n            MauticSDK.onLoad();\r\n        };\r\n        head.appendChild(script);\r\n        var MauticDomain = 'https:\/\/mautic.cursosciatec.com.br';\r\n        var MauticLang   = {\r\n            'submittingMessage': \"Por favor, aguarde...\"\r\n        }\r\n    }\r\n<\/script>\r\n\r\n<style type=\"text\/css\" scoped>\r\n    .mauticform_wrapper {}\r\n    .mauticform-innerform {}\r\n    .mauticform-post-success {}\r\n    .mauticform-name { font-weight: bold; font-size: 1.5em; margin-bottom: 3px; }\r\n    .mauticform-description { margin-top: 2px; margin-bottom: 10px; }\r\n    .mauticform-error { margin-bottom: 10px; color: white; }\r\n    .mauticform-message { margin-bottom: 10px;color: white; }\r\n    .mauticform-row { display: block; margin-bottom: 20px; }\r\n    .mauticform-label { font-size: 1.1em; display: block; font-weight: bold; margin-bottom: 5px; }\r\n    .mauticform-row.mauticform-required .mauticform-label:after { color: #bf1e2e; content: \" *\"; display: inline; }\r\n    .mauticform-helpmessage { display: block; font-size: 0.9em; margin-bottom: 3px; }\r\n    .mauticform-errormsg { display: block; color: white; margin-top: 2px; }\r\n    .mauticform-selectbox, .mauticform-input, .mauticform-textarea { width: 100%; padding: 0.5em 0.5em; border: 1px solid #CCC; background: #fff; box-shadow: 0px 0px 0px #fff inset; border-radius: 4px; box-sizing: border-box; }\r\n    .mauticform-checkboxgrp-row {}\r\n    .mauticform-checkboxgrp-label { font-weight: normal; }\r\n    .mauticform-checkboxgrp-checkbox {}\r\n    .mauticform-radiogrp-row {}\r\n    .mauticform-radiogrp-label { font-weight: normal; }\r\n    .mauticform-radiogrp-radio {}\r\n    .mauticform-button-wrapper .mauticform-button.btn-default, .mauticform-pagebreak-wrapper .mauticform-pagebreak.btn-default { color: #bf1e2e;background-color: #ffffff;border-color: #dddddd;}\r\n    .mauticform-button-wrapper .mauticform-button, .mauticform-pagebreak-wrapper .mauticform-pagebreak { display: inline-block;margin-bottom: 0;font-weight: 600;text-align: center;vertical-align: middle;cursor: pointer;background-image: none;border: 1px solid transparent;white-space: nowrap;padding: 10px 15px;font-size: 16px;line-height: 1.3856;border-radius: 3px;-webkit-user-select: none;-moz-user-select: none;-ms-user-select: none;user-select: none;}\r\n    .mauticform-button-wrapper .mauticform-button.btn-default[disabled], .mauticform-pagebreak-wrapper .mauticform-pagebreak.btn-default[disabled] { background-color: #ffffff; border-color: #dddddd; opacity: 0.75; cursor: not-allowed; }\r\n    .mauticform-pagebreak-wrapper .mauticform-button-wrapper {  display: inline; }\r\n<\/style>\r\n<div id=\"mauticform_wrapper_formulariologicadeprogramacao\" class=\"mauticform_wrapper\">\r\n    <form autocomplete=\"false\" role=\"form\" method=\"post\" action=\"https:\/\/mautic.cursosciatec.com.br\/form\/submit?formId=2\" id=\"mauticform_formulariologicadeprogramacao\" data-mautic-form=\"formulariologicadeprogramacao\" enctype=\"multipart\/form-data\">\r\n        <div class=\"mauticform-error\" id=\"mauticform_formulariologicadeprogramacao_error\"><\/div>\r\n        <div class=\"mauticform-message\" id=\"mauticform_formulariologicadeprogramacao_message\"><\/div>\r\n        <div class=\"mauticform-innerform\">\r\n\r\n            \r\n          <div class=\"mauticform-page-wrapper mauticform-page-1\" data-mautic-form-page=\"1\">\r\n\r\n            <div id=\"mauticform_formulariologicadeprogramacao_nome\" data-validate=\"nome\" data-validation-type=\"text\" class=\"mauticform-row mauticform-text mauticform-field-1 mauticform-required\">\r\n                <input id=\"mauticform_input_formulariologicadeprogramacao_nome\" name=\"mauticform[nome]\" value=\"\" placeholder=\"Seu Nome\" class=\"mauticform-input\" type=\"text\">\r\n                <span class=\"mauticform-errormsg\" style=\"display: none;\">Este campo \u00e9 obrigat\u00f3rio<\/span>\r\n            <\/div>\r\n\r\n            <div id=\"mauticform_formulariologicadeprogramacao_email\" data-validate=\"email\" data-validation-type=\"email\" class=\"mauticform-row mauticform-email mauticform-field-2 mauticform-required\">\r\n                <input id=\"mauticform_input_formulariologicadeprogramacao_email\" name=\"mauticform[email]\" value=\"\" placeholder=\"Seu E-mail\" class=\"mauticform-input\" type=\"email\">\r\n                <span class=\"mauticform-errormsg\" style=\"display: none;\">Este campo \u00e9 obrigat\u00f3rio<\/span>\r\n            <\/div>\r\n\r\n            <div id=\"mauticform_formulariologicadeprogramacao_telefone\" data-validate=\"telefone\" data-validation-type=\"tel\" class=\"mauticform-row mauticform-tel mauticform-field-3 mauticform-required\">\r\n                <input id=\"mauticform_input_formulariologicadeprogramacao_telefone\" name=\"mauticform[telefone]\" value=\"\" placeholder=\"Seu Telefone com DDD\" class=\"mauticform-input\" type=\"tel\">\r\n                <span class=\"mauticform-errormsg\" style=\"display: none;\">Este campo \u00e9 obrigat\u00f3rio<\/span>\r\n            <\/div>\r\n\r\n            <div id=\"mauticform_formulariologicadeprogramacao_quero_receber_informacoes\" class=\"mauticform-row mauticform-button-wrapper mauticform-field-4\">\r\n                <button type=\"submit\" name=\"mauticform[quero_receber_informacoes]\" id=\"mauticform_input_formulariologicadeprogramacao_quero_receber_informacoes\" value=\"\" class=\"mauticform-button botao-enviar-formul\u00e1rio\">Quero Receber Informa\u00e7\u00f5es<\/button>\r\n            <\/div>\r\n            <\/div>\r\n        <\/div>\r\n\r\n        <input type=\"hidden\" name=\"mauticform[formId]\" id=\"mauticform_formulariologicadeprogramacao_id\" value=\"2\">\r\n        <input type=\"hidden\" name=\"mauticform[return]\" id=\"mauticform_formulariologicadeprogramacao_return\" value=\"\">\r\n        <input type=\"hidden\" name=\"mauticform[formName]\" id=\"mauticform_formulariologicadeprogramacao_name\" value=\"formulariologicadeprogramacao\">\r\n\r\n        <\/form>\r\n<\/div>\r\n\t\t\t\t<\/div>\n\t\t\t\t<\/div>\n\t\t\t\t\t<\/div>\n\t\t<\/div>\n\t\t\t\t\t<\/div>\n\t\t<\/section>\n\t\t\t\t<section class=\"elementor-section elementor-top-section elementor-element elementor-element-12cc26a elementor-section-stretched elementor-section-full_width elementor-section-height-default elementor-section-height-default exad-glass-effect-no exad-sticky-section-no\" data-id=\"12cc26a\" data-element_type=\"section\" data-e-type=\"section\" data-settings=\"{&quot;stretch_section&quot;:&quot;section-stretched&quot;}\">\n\t\t\t\t\t\t<div class=\"elementor-container elementor-column-gap-default\">\n\t\t\t\t\t<div class=\"elementor-column elementor-col-100 elementor-top-column elementor-element elementor-element-6f61ee9 exad-glass-effect-no exad-sticky-section-no\" data-id=\"6f61ee9\" data-element_type=\"column\" data-e-type=\"column\">\n\t\t\t<div class=\"elementor-widget-wrap elementor-element-populated\">\n\t\t\t\t\t\t<div class=\"elementor-element elementor-element-6fae809 exad-sticky-section-no exad-glass-effect-no elementor-widget elementor-widget-text-editor\" data-id=\"6fae809\" data-element_type=\"widget\" data-e-type=\"widget\" data-widget_type=\"text-editor.default\">\n\t\t\t\t<div class=\"elementor-widget-container\">\n\t\t\t\t\t\t\t\t\t<h2><span style=\"color: #ffffff;\"><strong><span style=\"font-family: Arial, Helvetica, sans-serif; font-size: 14pt;\">Depoimentos:<\/span><\/strong><\/span><\/h2>\t\t\t\t\t\t\t\t<\/div>\n\t\t\t\t<\/div>\n\t\t\t\t<div class=\"elementor-element elementor-element-c65f353 exad-sticky-section-no exad-glass-effect-no elementor-widget elementor-widget-text-editor\" data-id=\"c65f353\" data-element_type=\"widget\" data-e-type=\"widget\" data-widget_type=\"text-editor.default\">\n\t\t\t\t<div class=\"elementor-widget-container\">\n\t\t\t\t\t\t\t\t\t<p><a href=\"https:\/\/cursosciatec.com.br\/home\/wp-content\/uploads\/2020\/06\/depoimento-Arthur-logica-de-programa\u00e7\u00e3o-01.png\"><img fetchpriority=\"high\" decoding=\"async\" class=\"alignnone size-medium wp-image-9034\" src=\"https:\/\/cursosciatec.com.br\/home\/wp-content\/uploads\/2020\/06\/depoimento-Arthur-logica-de-programa\u00e7\u00e3o-01-300x200.png\" alt=\"\" width=\"300\" height=\"200\" srcset=\"https:\/\/cursosciatec.com.br\/home\/wp-content\/uploads\/2020\/06\/depoimento-Arthur-logica-de-programa\u00e7\u00e3o-01-300x200.png 300w, https:\/\/cursosciatec.com.br\/home\/wp-content\/uploads\/2020\/06\/depoimento-Arthur-logica-de-programa\u00e7\u00e3o-01-1024x683.png 1024w, https:\/\/cursosciatec.com.br\/home\/wp-content\/uploads\/2020\/06\/depoimento-Arthur-logica-de-programa\u00e7\u00e3o-01-768x512.png 768w, https:\/\/cursosciatec.com.br\/home\/wp-content\/uploads\/2020\/06\/depoimento-Arthur-logica-de-programa\u00e7\u00e3o-01-1536x1024.png 1536w, https:\/\/cursosciatec.com.br\/home\/wp-content\/uploads\/2020\/06\/depoimento-Arthur-logica-de-programa\u00e7\u00e3o-01-2048x1366.png 2048w\" sizes=\"(max-width: 300px) 100vw, 300px\" \/><\/a> <a href=\"https:\/\/cursosciatec.com.br\/home\/wp-content\/uploads\/2020\/06\/depoimento-aluna-alice-curso-logica-de-programa\u00e7\u00e3o-01-scaled.jpg\"><img decoding=\"async\" class=\"alignnone size-medium wp-image-9035\" src=\"https:\/\/cursosciatec.com.br\/home\/wp-content\/uploads\/2020\/06\/depoimento-aluna-alice-curso-logica-de-programa\u00e7\u00e3o-01-300x200.jpg\" alt=\"\" width=\"300\" height=\"200\" srcset=\"https:\/\/cursosciatec.com.br\/home\/wp-content\/uploads\/2020\/06\/depoimento-aluna-alice-curso-logica-de-programa\u00e7\u00e3o-01-300x200.jpg 300w, https:\/\/cursosciatec.com.br\/home\/wp-content\/uploads\/2020\/06\/depoimento-aluna-alice-curso-logica-de-programa\u00e7\u00e3o-01-1024x683.jpg 1024w, https:\/\/cursosciatec.com.br\/home\/wp-content\/uploads\/2020\/06\/depoimento-aluna-alice-curso-logica-de-programa\u00e7\u00e3o-01-768x512.jpg 768w, https:\/\/cursosciatec.com.br\/home\/wp-content\/uploads\/2020\/06\/depoimento-aluna-alice-curso-logica-de-programa\u00e7\u00e3o-01-1536x1024.jpg 1536w, https:\/\/cursosciatec.com.br\/home\/wp-content\/uploads\/2020\/06\/depoimento-aluna-alice-curso-logica-de-programa\u00e7\u00e3o-01-2048x1366.jpg 2048w\" sizes=\"(max-width: 300px) 100vw, 300px\" \/><\/a><\/p>\t\t\t\t\t\t\t\t<\/div>\n\t\t\t\t<\/div>\n\t\t\t\t\t<\/div>\n\t\t<\/div>\n\t\t\t\t\t<\/div>\n\t\t<\/section>\n\t\t\t\t<\/div>\n\t\t","protected":false},"excerpt":{"rendered":"<p>Fotos e Depoimentos Curso L\u00f3gica de Programa\u00e7\u00e3o Fotos: Receba INFORMA\u00c7\u00d5ES e VALORES do Curso L\u00f3gica de Programa\u00e7\u00e3o Este campo \u00e9 obrigat\u00f3rio Este campo \u00e9 obrigat\u00f3rio Este campo \u00e9 obrigat\u00f3rio Quero Receber Informa\u00e7\u00f5es Depoimentos:<\/p>\n","protected":false},"author":1,"featured_media":0,"parent":3741,"menu_order":1,"comment_status":"closed","ping_status":"closed","template":"elementor_header_footer","meta":{"footnotes":""},"folder":[],"class_list":["post-2714","page","type-page","status-publish","hentry"],"aioseo_notices":[],"_links":{"self":[{"href":"https:\/\/cursosciatec.com.br\/home\/wp-json\/wp\/v2\/pages\/2714","targetHints":{"allow":["GET"]}}],"collection":[{"href":"https:\/\/cursosciatec.com.br\/home\/wp-json\/wp\/v2\/pages"}],"about":[{"href":"https:\/\/cursosciatec.com.br\/home\/wp-json\/wp\/v2\/types\/page"}],"author":[{"embeddable":true,"href":"https:\/\/cursosciatec.com.br\/home\/wp-json\/wp\/v2\/users\/1"}],"replies":[{"embeddable":true,"href":"https:\/\/cursosciatec.com.br\/home\/wp-json\/wp\/v2\/comments?post=2714"}],"version-history":[{"count":21,"href":"https:\/\/cursosciatec.com.br\/home\/wp-json\/wp\/v2\/pages\/2714\/revisions"}],"predecessor-version":[{"id":9039,"href":"https:\/\/cursosciatec.com.br\/home\/wp-json\/wp\/v2\/pages\/2714\/revisions\/9039"}],"up":[{"embeddable":true,"href":"https:\/\/cursosciatec.com.br\/home\/wp-json\/wp\/v2\/pages\/3741"}],"wp:attachment":[{"href":"https:\/\/cursosciatec.com.br\/home\/wp-json\/wp\/v2\/media?parent=2714"}],"wp:term":[{"taxonomy":"folder","embeddable":true,"href":"https:\/\/cursosciatec.com.br\/home\/wp-json\/wp\/v2\/folder?post=2714"}],"curies":[{"name":"wp","href":"https:\/\/api.w.org\/{rel}","templated":true}]}}