{"id":10629,"date":"2022-03-22T08:52:33","date_gmt":"2022-03-22T11:52:33","guid":{"rendered":"https:\/\/cursosciatec.com.br\/home\/?page_id=10629"},"modified":"2026-03-10T18:55:36","modified_gmt":"2026-03-10T21:55:36","slug":"contato-2","status":"publish","type":"page","link":"https:\/\/cursosciatec.com.br\/home\/contato-2\/","title":{"rendered":"Contato"},"content":{"rendered":"\t\t<div data-elementor-type=\"wp-post\" data-elementor-id=\"10629\" class=\"elementor elementor-10629\" data-elementor-post-type=\"page\">\n\t\t\t\t\t\t<section class=\"elementor-section elementor-top-section elementor-element elementor-element-51b9109 elementor-section-boxed elementor-section-height-default elementor-section-height-default exad-glass-effect-no exad-sticky-section-no\" data-id=\"51b9109\" data-element_type=\"section\" data-e-type=\"section\">\n\t\t\t\t\t\t<div class=\"elementor-container elementor-column-gap-default\">\n\t\t\t\t\t<div class=\"elementor-column elementor-col-100 elementor-top-column elementor-element elementor-element-b8c0e10 exad-glass-effect-no exad-sticky-section-no\" data-id=\"b8c0e10\" data-element_type=\"column\" data-e-type=\"column\">\n\t\t\t<div class=\"elementor-widget-wrap elementor-element-populated\">\n\t\t\t\t\t\t<div class=\"elementor-element elementor-element-fcc3619 exad-sticky-section-no exad-glass-effect-no elementor-widget elementor-widget-heading\" data-id=\"fcc3619\" data-element_type=\"widget\" data-e-type=\"widget\" data-widget_type=\"heading.default\">\n\t\t\t\t<div class=\"elementor-widget-container\">\n\t\t\t\t\t<h2 class=\"elementor-heading-title elementor-size-default\"><b>UNIDADE PORTO ALEGRE<\/b><\/h2>\t\t\t\t<\/div>\n\t\t\t\t<\/div>\n\t\t\t\t\t<\/div>\n\t\t<\/div>\n\t\t\t\t\t<\/div>\n\t\t<\/section>\n\t\t\t\t<section class=\"elementor-section elementor-top-section elementor-element elementor-element-120e0d2 elementor-section-boxed elementor-section-height-default elementor-section-height-default exad-glass-effect-no exad-sticky-section-no\" data-id=\"120e0d2\" data-element_type=\"section\" data-e-type=\"section\">\n\t\t\t\t\t\t<div class=\"elementor-container elementor-column-gap-default\">\n\t\t\t\t\t<div class=\"elementor-column elementor-col-100 elementor-top-column elementor-element elementor-element-f8a55ad exad-glass-effect-no exad-sticky-section-no\" data-id=\"f8a55ad\" data-element_type=\"column\" data-e-type=\"column\">\n\t\t\t<div class=\"elementor-widget-wrap elementor-element-populated\">\n\t\t\t\t\t\t<div class=\"elementor-element elementor-element-6c986df elementor-icon-list--layout-traditional elementor-list-item-link-full_width exad-sticky-section-no exad-glass-effect-no elementor-widget elementor-widget-icon-list\" data-id=\"6c986df\" data-element_type=\"widget\" data-e-type=\"widget\" data-widget_type=\"icon-list.default\">\n\t\t\t\t<div class=\"elementor-widget-container\">\n\t\t\t\t\t\t\t<ul class=\"elementor-icon-list-items\">\n\t\t\t\t\t\t\t<li class=\"elementor-icon-list-item\">\n\t\t\t\t\t\t\t\t\t\t\t<a href=\"https:\/\/wa.me\/5551993644850?text=Ol%C3%A1.%20Vi%20no%20site.%20Gostaria%20de%20informa%C3%A7%C3%B5es%20sobre%20cursos.\">\n\n\t\t\t\t\t\t\t\t\t\t\t\t<span class=\"elementor-icon-list-icon\">\n\t\t\t\t\t\t\t<i aria-hidden=\"true\" class=\"fab fa-whatsapp-square\"><\/i>\t\t\t\t\t\t<\/span>\n\t\t\t\t\t\t\t\t\t\t<span class=\"elementor-icon-list-text\">51-99364-4850<\/span>\n\t\t\t\t\t\t\t\t\t\t\t<\/a>\n\t\t\t\t\t\t\t\t\t<\/li>\n\t\t\t\t\t\t\t\t<li class=\"elementor-icon-list-item\">\n\t\t\t\t\t\t\t\t\t\t\t<span class=\"elementor-icon-list-icon\">\n\t\t\t\t\t\t\t<i aria-hidden=\"true\" class=\"fas fa-map-marker-alt\"><\/i>\t\t\t\t\t\t<\/span>\n\t\t\t\t\t\t\t\t\t\t<span class=\"elementor-icon-list-text\">Rua Uruguai, 300. Centro hist\u00f3rico. Porto Alegre-RS.<\/span>\n\t\t\t\t\t\t\t\t\t<\/li>\n\t\t\t\t\t\t\t\t<li class=\"elementor-icon-list-item\">\n\t\t\t\t\t\t\t\t\t\t\t<span class=\"elementor-icon-list-icon\">\n\t\t\t\t\t\t\t<i aria-hidden=\"true\" class=\"fas fa-phone\"><\/i>\t\t\t\t\t\t<\/span>\n\t\t\t\t\t\t\t\t\t\t<span class=\"elementor-icon-list-text\">51-3224 4044<\/span>\n\t\t\t\t\t\t\t\t\t<\/li>\n\t\t\t\t\t\t\t\t<li class=\"elementor-icon-list-item\">\n\t\t\t\t\t\t\t\t\t\t\t<span class=\"elementor-icon-list-icon\">\n\t\t\t\t\t\t\t<i aria-hidden=\"true\" class=\"fas fa-envelope\"><\/i>\t\t\t\t\t\t<\/span>\n\t\t\t\t\t\t\t\t\t\t<span class=\"elementor-icon-list-text\">cursos@cursosciatec.com.br<\/span>\n\t\t\t\t\t\t\t\t\t<\/li>\n\t\t\t\t\t\t<\/ul>\n\t\t\t\t\t\t<\/div>\n\t\t\t\t<\/div>\n\t\t\t\t\t<\/div>\n\t\t<\/div>\n\t\t\t\t\t<\/div>\n\t\t<\/section>\n\t\t\t\t<section class=\"elementor-section elementor-top-section elementor-element elementor-element-5d0d494 elementor-section-boxed elementor-section-height-default elementor-section-height-default exad-glass-effect-no exad-sticky-section-no\" data-id=\"5d0d494\" data-element_type=\"section\" data-e-type=\"section\">\n\t\t\t\t\t\t<div class=\"elementor-container elementor-column-gap-default\">\n\t\t\t\t\t<div class=\"elementor-column elementor-col-50 elementor-top-column elementor-element elementor-element-2632822 exad-glass-effect-no exad-sticky-section-no\" data-id=\"2632822\" data-element_type=\"column\" data-e-type=\"column\">\n\t\t\t<div class=\"elementor-widget-wrap elementor-element-populated\">\n\t\t\t\t\t\t<div class=\"elementor-element elementor-element-437eb06 exad-sticky-section-no exad-glass-effect-no elementor-widget elementor-widget-heading\" data-id=\"437eb06\" data-element_type=\"widget\" data-e-type=\"widget\" data-widget_type=\"heading.default\">\n\t\t\t\t<div class=\"elementor-widget-container\">\n\t\t\t\t\t<h2 class=\"elementor-heading-title elementor-size-default\">VEJA COMO CHEGAR<\/h2>\t\t\t\t<\/div>\n\t\t\t\t<\/div>\n\t\t\t\t\t<\/div>\n\t\t<\/div>\n\t\t\t\t<div class=\"elementor-column elementor-col-50 elementor-top-column elementor-element elementor-element-939263d exad-glass-effect-no exad-sticky-section-no\" data-id=\"939263d\" data-element_type=\"column\" data-e-type=\"column\">\n\t\t\t<div class=\"elementor-widget-wrap elementor-element-populated\">\n\t\t\t\t\t\t<div class=\"elementor-element elementor-element-eb0162b exad-sticky-section-no exad-glass-effect-no elementor-widget elementor-widget-heading\" data-id=\"eb0162b\" data-element_type=\"widget\" data-e-type=\"widget\" data-widget_type=\"heading.default\">\n\t\t\t\t<div class=\"elementor-widget-container\">\n\t\t\t\t\t<h2 class=\"elementor-heading-title elementor-size-default\">F\u00c1CIL ACESSO<\/h2>\t\t\t\t<\/div>\n\t\t\t\t<\/div>\n\t\t\t\t\t<\/div>\n\t\t<\/div>\n\t\t\t\t\t<\/div>\n\t\t<\/section>\n\t\t\t\t<section class=\"elementor-section elementor-top-section elementor-element elementor-element-0a383bf elementor-section-boxed elementor-section-height-default elementor-section-height-default exad-glass-effect-no exad-sticky-section-no\" data-id=\"0a383bf\" data-element_type=\"section\" data-e-type=\"section\">\n\t\t\t\t\t\t<div class=\"elementor-container elementor-column-gap-default\">\n\t\t\t\t\t<div class=\"elementor-column elementor-col-100 elementor-top-column elementor-element elementor-element-1cef2d2 exad-glass-effect-no exad-sticky-section-no\" data-id=\"1cef2d2\" data-element_type=\"column\" data-e-type=\"column\">\n\t\t\t<div class=\"elementor-widget-wrap elementor-element-populated\">\n\t\t\t\t\t\t<div class=\"elementor-element elementor-element-da3389c exad-sticky-section-no exad-glass-effect-no elementor-widget elementor-widget-google_maps\" data-id=\"da3389c\" data-element_type=\"widget\" data-e-type=\"widget\" data-widget_type=\"google_maps.default\">\n\t\t\t\t<div class=\"elementor-widget-container\">\n\t\t\t\t\t\t\t<div class=\"elementor-custom-embed\">\n\t\t\t<iframe loading=\"lazy\"\n\t\t\t\t\tsrc=\"https:\/\/maps.google.com\/maps?q=RUA%20uruguai%2C%20300&#038;t=m&#038;z=17&#038;output=embed&#038;iwloc=near\"\n\t\t\t\t\ttitle=\"RUA uruguai, 300\"\n\t\t\t\t\taria-label=\"RUA uruguai, 300\"\n\t\t\t><\/iframe>\n\t\t<\/div>\n\t\t\t\t\t\t<\/div>\n\t\t\t\t<\/div>\n\t\t\t\t\t<\/div>\n\t\t<\/div>\n\t\t\t\t\t<\/div>\n\t\t<\/section>\n\t\t\t\t<section class=\"elementor-section elementor-top-section elementor-element elementor-element-7b742ff6 elementor-section-boxed elementor-section-height-default elementor-section-height-default exad-glass-effect-no exad-sticky-section-no\" data-id=\"7b742ff6\" data-element_type=\"section\" data-e-type=\"section\">\n\t\t\t\t\t\t<div class=\"elementor-container elementor-column-gap-default\">\n\t\t\t\t\t<div class=\"elementor-column elementor-col-100 elementor-top-column elementor-element elementor-element-68d30e31 exad-glass-effect-no exad-sticky-section-no\" data-id=\"68d30e31\" data-element_type=\"column\" data-e-type=\"column\">\n\t\t\t<div class=\"elementor-widget-wrap elementor-element-populated\">\n\t\t\t\t\t\t<div class=\"elementor-element elementor-element-52cf29b8 exad-sticky-section-no exad-glass-effect-no elementor-widget elementor-widget-text-editor\" data-id=\"52cf29b8\" data-element_type=\"widget\" data-e-type=\"widget\" data-widget_type=\"text-editor.default\">\n\t\t\t\t<div class=\"elementor-widget-container\">\n\t\t\t\t\t\t\t\t\t<p id=\"yui_3_16_0_1_1417099166825_21836\" class=\"yiv1709780565MsoNormal\" style=\"text-align: center;\"><span style=\"font-size: 18pt;\"><strong><span id=\"yui_3_16_0_1_1417099166825_21835\">PARA RECEBER INFORMA\u00c7\u00d5ES DETALHADAS SOBRE OS CURSOS PREENCHA:<\/span><\/strong><\/span><\/p><p id=\"yui_3_16_0_1_1417099166825_21842\" class=\"yiv1709780565MsoNormal\" style=\"text-align: center;\"><span id=\"yui_3_16_0_1_1417099166825_21841\">(Voc\u00ea receber\u00e1 um E-MAIL de confirma\u00e7\u00e3o. Em breve retornaremos com todas informa\u00e7\u00f5es)<\/span><\/p><p style=\"text-align: center;\">\n                <div class='gf_browser_gecko gform_wrapper' id='gform_wrapper_1' style='display:none'><form method='post' enctype='multipart\/form-data'  id='gform_1'  action='\/home\/wp-json\/wp\/v2\/pages\/10629'>\n                        <div class='gform_body'><ul id='gform_fields_1' class='gform_fields top_label form_sublabel_below description_below'><li id='field_1_1'  class='gfield gfield_contains_required field_sublabel_below field_description_below gfield_visibility_visible' ><label class='gfield_label' for='input_1_1' >Nome<span class='gfield_required'>*<\/span><\/label><div class='ginput_container ginput_container_text'><input name='input_1' id='input_1_1' type='text' value='' class='large'     aria-required=\"true\" aria-invalid=\"false\" \/><\/div><\/li><li id='field_1_3'  class='gfield gfield_contains_required field_sublabel_below field_description_below gfield_visibility_visible' ><label class='gfield_label' for='input_1_3' >E-Mail<span class='gfield_required'>*<\/span><\/label><div class='ginput_container ginput_container_email'>\n                            <input name='input_3' id='input_1_3' type='text' value='' class='large'    aria-required=\"true\" aria-invalid=\"false\" \/>\n                        <\/div><\/li><li id='field_1_21'  class='gfield gfield_contains_required field_sublabel_below field_description_below gfield_visibility_visible' ><label class='gfield_label' for='input_1_21' >Telefone<span class='gfield_required'>*<\/span><\/label><div class='ginput_container ginput_container_text'><input name='input_21' id='input_1_21' type='text' value='' class='medium'     aria-required=\"true\" aria-invalid=\"false\" \/><\/div><\/li><li id='field_1_19'  class='gfield gfield_contains_required field_sublabel_below field_description_below gfield_visibility_visible' ><label class='gfield_label' for='input_1_19' >Qual o curso de seu interesse?<span class='gfield_required'>*<\/span><\/label><div class='ginput_container ginput_container_select'><select name='input_19' id='input_1_19' class='medium gfield_select'   aria-required=\"true\" aria-invalid=\"false\"><option value='L\u00f3gica de Programa\u00e7\u00e3o' >L\u00f3gica de Programa\u00e7\u00e3o<\/option><option value='Banco de Dados MySQL' >Banco de Dados MySQL<\/option><option value='Desenv. Aplicativos Android' >Desenv. Aplicativos Android<\/option><option value='Programa\u00e7\u00e3o em Arduino' >Programa\u00e7\u00e3o em Arduino<\/option><option value='Analista de Dados' >Analista de Dados<\/option><option value='HTML5, CSS3 e JavaScript' >HTML5, CSS3 e JavaScript<\/option><option value='Forma\u00e7\u00e3o em Java' >Forma\u00e7\u00e3o em Java<\/option><option value='Eletr\u00f4nica Digital e Anal\u00f3gica' >Eletr\u00f4nica Digital e Anal\u00f3gica<\/option><option value='Eletr\u00f4nica de Bancada' >Eletr\u00f4nica de Bancada<\/option><option value='Eletricista Residencial e Predial' >Eletricista Residencial e Predial<\/option><option value='NR-10' >NR-10<\/option><option value='Sistemas Fotovolt\u00e1icos' >Sistemas Fotovolt\u00e1icos<\/option><option value='CFTV \u2013 Instala\u00e7\u00e3o de C\u00e2meras de Seguran\u00e7a e Acesso Remoto' >CFTV \u2013 Instala\u00e7\u00e3o de C\u00e2meras de Seguran\u00e7a e Acesso Remoto<\/option><option value='Instala\u00e7\u00e3o de Alarmes e Cercas El\u00e9tricas' >Instala\u00e7\u00e3o de Alarmes e Cercas El\u00e9tricas<\/option><option value='Manuten\u00e7\u00e3o em Smartphone e Celular' >Manuten\u00e7\u00e3o em Smartphone e Celular<\/option><option value='Manuten\u00e7\u00e3o em Notebooks' >Manuten\u00e7\u00e3o em Notebooks<\/option><option value='Inform\u00e1tica' >Inform\u00e1tica<\/option><option value='Web Design' >Web Design<\/option><option value='Design Gr\u00e1fico' >Design Gr\u00e1fico<\/option><option value='Auxiliar Administrativo' >Auxiliar Administrativo<\/option><option value='Empregabilidade' >Empregabilidade<\/option><option value='Gest\u00e3o em Vendas' >Gest\u00e3o em Vendas<\/option><option value='Outros' >Outros<\/option><\/select><\/div><\/li><li id='field_1_20'  class='gfield field_sublabel_below field_description_below gfield_visibility_visible' ><label class='gfield_label' for='input_1_20' >Qual?<\/label><div class='ginput_container ginput_container_text'><input name='input_20' id='input_1_20' type='text' value='' class='medium'      aria-invalid=\"false\" \/><\/div><\/li><li id='field_1_13'  class='gfield field_sublabel_below field_description_above gfield_visibility_visible' ><label class='gfield_label' for='input_1_13' >Escreva sua mensagem:<\/label><div class='ginput_container ginput_container_textarea'><textarea name='input_13' id='input_1_13' class='textarea medium'      aria-invalid=\"false\"   rows='10' cols='50'><\/textarea><\/div><\/li><li id='field_1_22'  class='gfield gform_validation_container field_sublabel_below field_description_below gfield_visibility_visible' ><label class='gfield_label' for='input_1_22' >Name<\/label><div class='ginput_container'><input name='input_22' id='input_1_22' type='text' value='' \/><\/div><div class='gfield_description' id='gfield_description__22'>Este campo \u00e9 para fins de valida\u00e7\u00e3o e n\u00e3o deve ser alterado.<\/div><\/li>\n                            <\/ul><\/div>\n        <div class='gform_footer top_label'> <input type='submit' id='gform_submit_button_1' class='gform_button button' value='Enviar'  onclick='if(window[\"gf_submitting_1\"]){return false;}  window[\"gf_submitting_1\"]=true;  ' onkeypress='if( event.keyCode == 13 ){ if(window[\"gf_submitting_1\"]){return false;} window[\"gf_submitting_1\"]=true;  jQuery(\"#gform_1\").trigger(\"submit\",[true]); }' \/> \n            <input type='hidden' class='gform_hidden' name='is_submit_1' value='1' \/>\n            <input type='hidden' class='gform_hidden' name='gform_submit' value='1' \/>\n            \n            <input type='hidden' class='gform_hidden' name='gform_unique_id' value='' \/>\n            <input type='hidden' class='gform_hidden' name='state_1' value='WyJbXSIsIjk4MzZkMjFiMjBmZTc3ZDg3NTVhYTU4YjI0NjE0MGVhIl0=' \/>\n            <input type='hidden' class='gform_hidden' name='gform_target_page_number_1' id='gform_target_page_number_1' value='0' \/>\n            <input type='hidden' class='gform_hidden' name='gform_source_page_number_1' id='gform_source_page_number_1' value='1' \/>\n            <input type='hidden' name='gform_field_values' value='' \/>\n            \n        <\/div>\n                        <p style=\"display: none !important;\" class=\"akismet-fields-container\" data-prefix=\"ak_\"><label>&#916;<textarea name=\"ak_hp_textarea\" cols=\"45\" rows=\"8\" maxlength=\"100\"><\/textarea><\/label><input type=\"hidden\" id=\"ak_js_1\" name=\"ak_js\" value=\"181\"\/><script>document.getElementById( \"ak_js_1\" ).setAttribute( \"value\", ( new Date() ).getTime() );<\/script><\/p><\/form>\n                        <\/div><script type='text\/javascript'> jQuery(document).bind('gform_post_render', function(event, formId, currentPage){if(formId == 1) {gf_global[\"number_formats\"][1] = {\"1\":{\"price\":false,\"value\":false},\"3\":{\"price\":false,\"value\":false},\"21\":{\"price\":false,\"value\":false},\"19\":{\"price\":false,\"value\":false},\"20\":{\"price\":false,\"value\":false},\"13\":{\"price\":false,\"value\":false},\"22\":{\"price\":false,\"value\":false}};if(window['jQuery']){if(!window['gf_form_conditional_logic'])window['gf_form_conditional_logic'] = new Array();window['gf_form_conditional_logic'][1] = { logic: { 20: {\"field\":{\"actionType\":\"show\",\"logicType\":\"all\",\"rules\":[{\"fieldId\":\"19\",\"operator\":\"is\",\"value\":\"Outros\"}]},\"nextButton\":null,\"section\":null} }, dependents: { 20: [20] }, animation: 1, defaults: [], fields: {\"1\":[],\"3\":[],\"21\":[],\"19\":[20],\"20\":[],\"13\":[],\"22\":[]} }; if(!window['gf_number_format'])window['gf_number_format'] = 'decimal_comma';jQuery(document).ready(function(){gf_apply_rules(1, [20], true);jQuery('#gform_wrapper_1').show();jQuery(document).trigger('gform_post_conditional_logic', [1, null, true]);} );} jQuery('#input_1_21').mask('(99) 9999-9999?9').bind('keypress', function(e){if(e.which == 13){jQuery(this).blur();} } );} } );jQuery(document).bind('gform_post_conditional_logic', function(event, formId, fields, isInit){} );<\/script><script type='text\/javascript'> jQuery(document).ready(function(){jQuery(document).trigger('gform_post_render', [1, 1]) } ); <\/script><\/p>\t\t\t\t\t\t\t\t<\/div>\n\t\t\t\t<\/div>\n\t\t\t\t\t<\/div>\n\t\t<\/div>\n\t\t\t\t\t<\/div>\n\t\t<\/section>\n\t\t\t\t<section class=\"elementor-section elementor-top-section elementor-element elementor-element-8cfe0cd elementor-section-full_width elementor-section-height-default elementor-section-height-default exad-glass-effect-no exad-sticky-section-no\" data-id=\"8cfe0cd\" data-element_type=\"section\" data-e-type=\"section\">\n\t\t\t\t\t\t<div class=\"elementor-container elementor-column-gap-default\">\n\t\t\t\t\t<div class=\"elementor-column elementor-col-100 elementor-top-column elementor-element elementor-element-1b24d01 exad-glass-effect-no exad-sticky-section-no\" data-id=\"1b24d01\" data-element_type=\"column\" data-e-type=\"column\">\n\t\t\t<div class=\"elementor-widget-wrap elementor-element-populated\">\n\t\t\t\t\t\t<div class=\"elementor-element elementor-element-2eb52b3 exad-sticky-section-no exad-glass-effect-no elementor-widget elementor-widget-image\" data-id=\"2eb52b3\" data-element_type=\"widget\" data-e-type=\"widget\" data-widget_type=\"image.default\">\n\t\t\t\t<div class=\"elementor-widget-container\">\n\t\t\t\t\t\t\t\t\t\t\t\t\t\t\t<img fetchpriority=\"high\" decoding=\"async\" width=\"1000\" height=\"600\" src=\"https:\/\/cursosciatec.com.br\/home\/wp-content\/uploads\/2014\/11\/Lojas2.jpg\" class=\"attachment-full size-full wp-image-877\" alt=\"\" srcset=\"https:\/\/cursosciatec.com.br\/home\/wp-content\/uploads\/2014\/11\/Lojas2.jpg 1000w, https:\/\/cursosciatec.com.br\/home\/wp-content\/uploads\/2014\/11\/Lojas2-300x180.jpg 300w\" sizes=\"(max-width: 1000px) 100vw, 1000px\" \/>\t\t\t\t\t\t\t\t\t\t\t\t\t\t\t<\/div>\n\t\t\t\t<\/div>\n\t\t\t\t\t<\/div>\n\t\t<\/div>\n\t\t\t\t\t<\/div>\n\t\t<\/section>\n\t\t\t\t<\/div>\n\t\t","protected":false},"excerpt":{"rendered":"<p>UNIDADE PORTO ALEGRE 51-99364-4850 Rua Uruguai, 300. Centro hist\u00f3rico. Porto Alegre-RS. 51-3224 4044 cursos@cursosciatec.com.br VEJA COMO CHEGAR F\u00c1CIL ACESSO PARA RECEBER INFORMA\u00c7\u00d5ES DETALHADAS SOBRE OS CURSOS PREENCHA: (Voc\u00ea receber\u00e1 um E-MAIL de confirma\u00e7\u00e3o. Em breve retornaremos com todas informa\u00e7\u00f5es)<\/p>\n","protected":false},"author":1,"featured_media":0,"parent":0,"menu_order":7,"comment_status":"closed","ping_status":"closed","template":"elementor_header_footer","meta":{"footnotes":""},"folder":[],"class_list":["post-10629","page","type-page","status-publish","hentry"],"aioseo_notices":[],"_links":{"self":[{"href":"https:\/\/cursosciatec.com.br\/home\/wp-json\/wp\/v2\/pages\/10629","targetHints":{"allow":["GET"]}}],"collection":[{"href":"https:\/\/cursosciatec.com.br\/home\/wp-json\/wp\/v2\/pages"}],"about":[{"href":"https:\/\/cursosciatec.com.br\/home\/wp-json\/wp\/v2\/types\/page"}],"author":[{"embeddable":true,"href":"https:\/\/cursosciatec.com.br\/home\/wp-json\/wp\/v2\/users\/1"}],"replies":[{"embeddable":true,"href":"https:\/\/cursosciatec.com.br\/home\/wp-json\/wp\/v2\/comments?post=10629"}],"version-history":[{"count":14,"href":"https:\/\/cursosciatec.com.br\/home\/wp-json\/wp\/v2\/pages\/10629\/revisions"}],"predecessor-version":[{"id":12833,"href":"https:\/\/cursosciatec.com.br\/home\/wp-json\/wp\/v2\/pages\/10629\/revisions\/12833"}],"wp:attachment":[{"href":"https:\/\/cursosciatec.com.br\/home\/wp-json\/wp\/v2\/media?parent=10629"}],"wp:term":[{"taxonomy":"folder","embeddable":true,"href":"https:\/\/cursosciatec.com.br\/home\/wp-json\/wp\/v2\/folder?post=10629"}],"curies":[{"name":"wp","href":"https:\/\/api.w.org\/{rel}","templated":true}]}}